{"id":985,"date":"2020-10-12T11:10:40","date_gmt":"2020-10-12T05:40:40","guid":{"rendered":"http:\/\/www.margajee.com\/?page_id=985"},"modified":"2025-09-01T16:51:12","modified_gmt":"2025-09-01T11:21:12","slug":"home","status":"publish","type":"page","link":"https:\/\/www.margajee.com\/","title":{"rendered":"INDIA AMORE MIO"},"content":{"rendered":"\n<h2 class=\"wp-block-heading\">VIAGGIO ATTRAVERSO GLI OCCHI DI OSHO<\/h2>\n\n\n\n<h3 class=\"wp-block-heading\"><strong>30 GENNAIO ~ 12 FEBBRAIO<\/strong><\/h3>\n\n\n\n<h3 class=\"wp-block-heading\">IL PROGRAMMA GIORNO PER GIORNO<\/h3>\n\n\n\n<ul class=\"wp-block-list\">\n<li><strong>30 Gennaio<\/strong>: Italia\u2013India<br>Partenza in serata da Milano-Malpensa. Pernottamento a bordo dell\u2019aereo.<\/li>\n\n\n\n<li><strong>31 Gennaio<\/strong>: Delhi<br>Arrivo a Delhi nel pomeriggio.<br>Marga, accompagnatrice e traduttrice per tutto il tour, ricever\u00e0 il gruppo all\u2019aeroporto.<br>Trasferimento in hotel, riposo, aperitivo e cena tutti insieme.<\/li>\n<\/ul>\n\n\n\n<p>Hotel: Ashok Country Resort<\/p>\n\n\n\n<ul class=\"wp-block-list\">\n<li><strong>1 Febbraio<\/strong>: Agra<br>Al mattino, partenza per Agra con pulmino privato con guida indiana che parla italiano.<br>Visita al Taj Mahal e verso il tramonto visita ai Giardini Mehtab Bag, da dove potremo osservare il Taj Mahal che si riflette sul fiume Yamuna.<\/li>\n<\/ul>\n\n\n\n<p>Hotel: The Retreat<\/p>\n\n\n\n<figure class=\"wp-block-image\"><img decoding=\"async\" src=\"https:\/\/www.humandesignevolution.it\/wp-content\/uploads\/2025\/09\/IMG_1635-1024x765.jpg\" alt=\"\" class=\"wp-image-89124\"\/><\/figure>\n\n\n\n<h6 class=\"wp-block-heading\">Il Forte Rosso di Agra<\/h6>\n\n\n\n<ul class=\"wp-block-list\">\n<li><strong>2 Febbraio<\/strong>: Agra<br>Al mattino, visita al Forte di Agra e dopo pranzo escursione alla \u201ccitt\u00e0 fantasma\u201d di Fatehpur Sikri. Se il tempo lo permetter\u00e0, visita al Baby Taj Mahal.<br>Cena presto e visita serale al Taj Mahal con la Luna Piena.<\/li>\n<\/ul>\n\n\n\n<p>Hotel: The Retreat<\/p>\n\n\n\n<figure class=\"wp-block-image\"><img decoding=\"async\" src=\"https:\/\/www.humandesignevolution.it\/wp-content\/uploads\/2025\/09\/16.jpg\" alt=\"\" class=\"wp-image-89125\"\/><\/figure>\n\n\n\n<h6 class=\"wp-block-heading\">Una suggestiva immagine del Taj Mahal in una notte di Luna Piena (foto del sito ufficiale)<\/h6>\n\n\n\n<ul class=\"wp-block-list\">\n<li><strong>3 Febbraio<\/strong>: Agra\u2013Khajuraho<br>Trasferimento alla stazione per prendere il treno del mattino per Khajuraho.<br>Arrivo nel primo pomeriggio e trasferimento in hotel.<\/li>\n<\/ul>\n\n\n\n<p>Prima escursione: Tempio delle 64 Yogini al tramonto.<\/p>\n\n\n\n<p><strong>E qui inizia il viaggio nel viaggio\u2026<\/strong><\/p>\n\n\n\n<p>Quando Osho andava a Khajuraho, la sua guida era il giovane Ganga, allora solo un ragazzino, che lo faceva entrare nei templi a qualsiasi ora del giorno e della notte\u2026.<br>Ganga, conosciuto al giorno d\u2019oggi come SwamiJi, vive ancora a Khajuraho e possiede uno dei migliori hotel del luogo, l\u2019Harmony, dove alloggeremo, saremo accuditi dallo staff e assaporeremo la gustosa cucina locale. L\u2019Harmony non \u00e8 solo un albergo, ma anche un centro di meditazione che ospita ogni anno ritiri e campi di meditazione e tutti i membri del personale conoscono Osho e la meditazione.<br>A Ganga, durante le sue visite guidate, Osho rivel\u00f2 molti dei significati nascosti di questi templi, facendogli sperimentare i punti energetici pi\u00f9 forti e lo introdusse agli insegnamenti del grande maestro Gorakh. Ganga oggi \u00e8 molto anziano, ma ci accompagner\u00e0 in una visita ai templi e soprattutto in una meditazione guidata al Tempio delle 64 Yogini dove l\u2019energia \u00e8 particolarmente intensa. Ganga \u00e8 un narratore meraviglioso e condivider\u00e0 con noi le sue storie, il suo amore per Osho e alcuni degli insegnamenti da lui ricevuti.<\/p>\n\n\n\n<p>Hotel: Harmony<\/p>\n\n\n\n<ul class=\"wp-block-list\">\n<li><strong>4\u20135 Febbraio<\/strong>: Khajuraho<br>Nei giorni a Khajuraho non seguiremo un programma prestabilito, ma ci lasceremo andare al flusso degli eventi, godendoci la magia dell\u2019India e della meravigliosa energia del luogo.<br>Avremo del tempo a disposizione per meditare con tranquillit\u00e0 nei templi tantrici, di trovarci insieme al gruppo per condividere le nostre esperienze, esteriori e interiori, andremo in visita ai templi giainisti, avremo modo di partecipare a dei semplici rituali del luogo e di fare compere nei negozi tipici.<\/li>\n<\/ul>\n\n\n\n<p>Hotel: Harmony<\/p>\n\n\n\n<figure class=\"wp-block-image\"><img decoding=\"async\" src=\"https:\/\/www.humandesignevolution.it\/wp-content\/uploads\/2025\/09\/IMG_1696-1024x765.jpg\" alt=\"\" class=\"wp-image-89121\"\/><\/figure>\n\n\n\n<h6 class=\"wp-block-heading\">Khajuraho: un particolare delle sculture marmoree<\/h6>\n\n\n\n<ul class=\"wp-block-list\">\n<li><strong>6 Febbraio<\/strong>: Khajuraho\u2013Bhedaghat<br>Al mattino, partenza per Bhedaghat con pulmino privato. Pranzo durante il viaggio, che durer\u00e0 circa 5-6 ore. All\u2019arrivo all\u2019Hotel Narmada Vatika saremo ricevuti da Swami Anil, sannyasin che sar\u00e0 il nostro riferimento e guida per i giorni a venire.<\/li>\n<\/ul>\n\n\n\n<p>Hotel: Narmada Vatika<\/p>\n\n\n\n<ul class=\"wp-block-list\">\n<li><strong>7 Febbraio<\/strong>: Bhedaghat<br>Bhedaghat \u00e8 un posto magico e meraviglioso sul fiume Narmada, a circa 20 km da Jabalpur, dove si possono ammirare scenari suggestivi, come le famose Marble Rocks che costeggiano altissime il fiume e le sue grandi Cascate. Sono luoghi che Osho ha visitato e che ha descritto nei suoi discorsi.<br>Noi li esploreremo ampiamente e saranno anche luoghi in cui meditare\u2026 Faremo anche una o forse due escursioni in barca in un tratto tranquillo del fiume, circondati dalle meravigliose scogliere, una delle quali notturna se la visibilit\u00e0 sar\u00e0 sufficiente.<br>Visiteremo anche dei bellissimi templi e parteciperemo a una cerimonia sulla riva del fiume. Se saremo fortunati avremo il privilegio di incontrare degli amici speciali\u2026<\/li>\n<\/ul>\n\n\n\n<p>Hotel: Narmada Vatika<\/p>\n\n\n\n<figure class=\"wp-block-image\"><img decoding=\"async\" src=\"https:\/\/www.humandesignevolution.it\/wp-content\/uploads\/2025\/09\/IMG_2300-1024x768.jpg\" alt=\"\" class=\"wp-image-89118\"\/><\/figure>\n\n\n\n<h6 class=\"wp-block-heading\">Le maestose cascate formate del fiume sacro Narmada<\/h6>\n\n\n\n<ul class=\"wp-block-list\">\n<li><strong>8 Febbraio:<\/strong> Jabalpur<br>Nel cuore della citt\u00e0 visiteremo l\u2019albero Maulshree nel Parco Bhanvar Tal dove Osho si \u00e8 illuminato all\u2019et\u00e0 di 21 anni e se sar\u00e0 possibile anche una stanza dove Osho viveva in affitto in quel periodo.<br>Successivamente andremo in visita all\u2019Universit\u00e0 dove Osho insegnava filosofia e dove si trova ancora la sedia destinata a lui in sala professori e il registro dei numerosi libri che prendeva in prestito alla biblioteca.<\/li>\n<\/ul>\n\n\n\n<p>Sulla via del ritorno ci recheremo al Centro di Osho Amritdham Devtal Ashram dove faremo merenda.<\/p>\n\n\n\n<p>Hotel: Narmada Vatika<\/p>\n\n\n\n<ul class=\"wp-block-list\">\n<li>9 Febbraio: Bhedaghat\u2013Kuchwada\u2013Gadarwara<\/li>\n<\/ul>\n\n\n\n<p>Visita al villaggio natale di Osho, Kuchwada, in cui visse i suoi primi 7 anni, insieme ai nonni materni. Alcuni anni fa, Swami Satya Tirth Bharti e un gruppo di sannyasin giapponesi hanno acquistato la casa natale di Osho e l\u2019hanno riportata al suo stato originale.<br>Visiteremo la casa e il villaggio, scoprendo una zona dell\u2019India impossibile da trovare nei normali itinerari turistici.<\/p>\n\n\n\n<p>Hotel: Surabhi Palace<\/p>\n\n\n\n<figure class=\"wp-block-image\"><img decoding=\"async\" src=\"https:\/\/www.humandesignevolution.it\/wp-content\/uploads\/2025\/09\/casa-nato.jpg\" alt=\"\" class=\"wp-image-89119\"\/><\/figure>\n\n\n\n<h6 class=\"wp-block-heading\">La casa natale di Osho a Kuchwada<\/h6>\n\n\n\n<ul class=\"wp-block-list\">\n<li><strong>10 Febbraio<\/strong>: Gadarwara\u2013Bhedaghat<br>Dopo la morte del nonno, Osho si trasfer\u00ec con sua nonna a Gadarwara, dove vivevano i suoi genitori. Qui visiteremo la sua scuola, la biblioteca e il negozio di stoffe che apparteneva ai suoi genitori e che ora appartiene a un suo parente. Se sar\u00e0 possibile andremo a vedere anche il ponte ferroviario da dove Osho fece un suo famoso tuffo nel fiume.<br>Swami Narendra Bodhisattva e Ma Amrit Mukti, due vecchi sannyasin, hanno fondato a Gadarwara, vicino al fiume Narmada, un Centro di Osho nel luogo in cui Osho ebbe un satori all\u2019et\u00e0 di 14 anni.<br>Rientro a Jabalpur.<\/li>\n<\/ul>\n\n\n\n<p>Hotel: Jabali Palace\/Shawn Elizey.<\/p>\n\n\n\n<figure class=\"wp-block-image\"><img decoding=\"async\" src=\"https:\/\/www.humandesignevolution.it\/wp-content\/uploads\/2025\/09\/IMG_1587_2.jpg\" alt=\"\" class=\"wp-image-89120\"\/><\/figure>\n\n\n\n<h6 class=\"wp-block-heading\">Il negozio di sari della famiglia di Osho<\/h6>\n\n\n\n<ul class=\"wp-block-list\">\n<li><strong>11 Febbraio<\/strong>: Jabalpur\u2013Delhi<br>Al mattino avremo ancora l\u2019opportunit\u00e0 di fare gli ultimi acquisti a Bedhaghat e salutare questo luogo magico e incantevole.<br>Al pomeriggio prenderemo il volo per Delhi dove passeremo insieme l\u2019ultima serata.<\/li>\n<\/ul>\n\n\n\n<p>Hotel: Ashok Country Resort<\/p>\n\n\n\n<ul class=\"wp-block-list\">\n<li><strong>12 Febbraio<\/strong>: India\u2013Italia<br>In mattinata trasferimento all\u2019aeroporto internazionale per prendere il volo di rientro in Italia.<\/li>\n<\/ul>\n\n\n\n<p><strong>NOTA\u2008BENE: Il programma potr\u00e0 ancora subire dei cambiamenti.<\/strong><\/p>\n\n\n\n<p>Prima della conferma faremo uno o pi\u00f9 incontri ZOOM con Marga e alcuni dei partecipanti ai viaggi precedenti per rispondere a tutte le domande e comunicare alcune informazioni, consigli e dettagli importanti.<\/p>\n\n\n\n<p>Prima del viaggio \u00e8 consigliato leggere il libro di Osho <em>Bagliori di un\u2019infanzia dorata<\/em>, Edizioni Mediterranee, in vendita su <a href=\"https:\/\/www.macrolibrarsi.it\/search\/?search3=bagliori+di+un%27infanzia+doratalink?pn=8137\">Macrolibrasi<\/a> e Oshoba, in cui Osho parla di alcuni momenti salienti della sua vita in alcuni dei luoghi che visiteremo.<\/p>\n\n\n\n<p>CREDITI: TUTTE LE FOTO SONO STATE SCATTATE DAI PARTECIPANTI, ECCETTO DOVE INDICATO DIVERSAMENTE<\/p>\n\n\n\n<blockquote class=\"wp-block-quote is-layout-flow wp-block-quote-is-layout-flow\">\n<h2 class=\"wp-block-heading\"><strong>PER AVERE ULTERIORI INFORMAZIONI E PRENOTARE:<\/strong><\/h2>\n\n\n\n<h3 class=\"wp-block-heading\"><strong>Scrivi a Marga, organizzatrice, accompagnatrice e traduttrice: margajee@gmail.com<\/strong><\/h3>\n\n\n\n<h3 class=\"wp-block-heading\"><strong>Oppure contattala via WhatsApp: 0091 9503332918<\/strong><\/h3>\n<\/blockquote>\n\n\n\n<h1 class=\"wp-block-heading\">Leggi alcuni brani di Osho che parlano del viaggio in India<\/h1>\n\n\n\n<blockquote class=\"wp-block-quote is-layout-flow wp-block-quote-is-layout-flow\">\n<p><em>La vera India \u00e8 una ricerca nell\u2019anima pi\u00f9 recondita dell\u2019uomo:<br>non la geografia, non la storia politica, ma il viaggio interiore.<br>Il viaggio della meditazione \u00e8 la vera India.<br>Mahavira, Buddha, Krishna, Cristo e Nanak rappresentano la vera India.<br>E io porto l\u2019eredit\u00e0 di tutti loro e molto di pi\u00f9.<\/em><br>Osho<\/p>\n<\/blockquote>\n\n\n\n<p><em>Osho,<br>sono stata in India molte volte, ma questa volta sono qui come ricercatrice spirituale. Ho perso la mia strada in Inghilterra e spero di ritrovarla qui\u2026<\/em><\/p>\n\n\n\n<p>La troverai, la troverai. La ricerca in se stessa \u00e8 molto, molto bella: che tu riesca a trovare o meno, \u00e8 secondario. Stai cercando e questa \u00e8 la cosa importante, perch\u00e9 alla fine \u00e8 proprio la tua ricerca che diventa la strada.<br>Non esiste una strada al di fuori della tua ricerca. L\u2019intensit\u00e0 della tua ricerca diventa la tua strada. Anzi, l\u2019idea stessa di una strada \u00e8 fallace. Ti d\u00e0 l\u2019idea che la strada esista gi\u00e0 da qualche parte e che tu debba solo percorrerla.<br>Questo non \u00e8 vero: non esiste una strada gi\u00e0 pronta. Mentre cammini, crei la tua strada e ogni individuo percorre la sua. Non esiste un sentiero pubblico n\u00e9 esistono superstrade, non esistono autostrade centrali.<br>Quando sbagli strada, significa semplicemente che sei inconsapevole. Quando sei consapevole, sei sulla giusta strada. La consapevolezza \u00e8 giusta e l\u2019inconsapevolezza \u00e8 sbagliata.<br>Quando, nella tua vita, ti senti un po\u2019 assonnato, annebbiato e perdi la chiarezza; quando non sai cosa stai facendo, o perch\u00e9 esisti, stai sbagliando strada, tutto qui.<br>Quando riacquisti la tua chiarezza, la tua visione e riesci di nuovo a vedere attraverso le cose, ritrovi anche il sentiero. Non \u00e8 qualcosa di esterno a te. \u00c8 qualcosa dentro di te, una focalizzazione interiore di energia.<br>La ricerca \u00e8 sufficiente. C\u2019\u00e8 un detto di Ges\u00f9: \u201cChiedi e ti sar\u00e0 dato, bussa e ti sar\u00e0 aperto, cerca e troverai\u201d. In realt\u00e0 le porte non sono mai chiuse. Sono sempre aperte, solo che non hai mai bussato. La risposta \u00e8 gi\u00e0 l\u00ec, solo che non hai mai fatto la domanda. E ci\u00f2 che stai cercando \u00e8 gi\u00e0 presente in te, solo che non hai ancora guardato.<br>Quindi una ricerca intensa, una ricerca sincera, diventa la via. E se non arrivi a capirlo, smarrirai continuamente la strada! Perch\u00e9 quella strada che pensi di aver trovato non \u00e8 la vera strada. Una vera strada non pu\u00f2 essere persa. Ci\u00f2 che pu\u00f2 essere trovato e perso non \u00e8 mai stato trovato veramente.<br>E per trovare la vera strada non hai bisogno di andare da nessuna parte. Devi solo essere dentro, andare dentro. Questa \u00e8 la vera India: il tuo essere interiore.<br>L\u2019India non \u00e8 solo geografia. Se vai a \u201cvisitare\u201d l\u2019India stai sprecando il tuo tempo. L\u2019India \u00e8 uno spazio interiore, \u00e8 solo un termine simbolico per lo spazio interiore. Quando inizi a viaggiare dentro te stesso, hai fatto un passo verso l\u2019India. Quindi chiunque raggiunga se stesso diventa indiano\u2026 1<\/p>\n\n\n\n<p><em>Osho,<br>prima di iniziare il lavoro coi gruppi vorrei viaggiare per l\u2019India\u2026<\/em><\/p>\n\n\n\n<p>Prima i gruppi. Poi avrai una visione migliore dell\u2019India, avrai un atteggiamento migliore. Altrimenti puoi viaggiare e vedere sempre le stesse cose, niente di che. Vedrai solo un paese molto, molto arretrato e ti sentirai solo infelice, nient\u2019altro.<br>Prima vai un po\u2019 pi\u00f9 in profondit\u00e0, esplora prima il paese interiore: trova qualcosa l\u00ec e poi parti. L\u2019India ha misteri profondi, ma ci vogliono occhi per vederli. Altrimenti vedrai gli edifici e in Occidente esistono edifici migliori. Vedrai le strade e in Occidente ci sono strade migliori. Tutto ci\u00f2 che puoi vedere, in Occidente \u00e8 migliore. E ti sentirai semplicemente defraudato. Perch\u00e9 andare qua e l\u00e0, viaggiando su treni affollati e patendo inutilmente mille scomodit\u00e0?<br>Quando avrai uno sguardo meditativo, vedrai qualcosa che non esiste in Occidente. Allora sarai arrivato in India\u2026 Sta scomparendo anche da qui, l\u2019Occidente \u00e8 troppo opprimente.<br>\u00c8 sempre cos\u00ec: il grossolano \u00e8 pi\u00f9 potente del sottile. Se sbatti un fiore contro una roccia, \u00e8 il fiore a perdere, non la roccia. E c\u2019\u00e8 uno scontro tra i valori spirituali e i valori materialisti, naturalmente saranno i valori spirituali a soffrire, stanno soffrendo molto.<br>L\u2019Oriente non \u00e8 pi\u00f9 Oriente, solo frammenti qua e l\u00e0. Da qualche parte troverai alcune persone che sono ancora orientali, alcuni luoghi che sono ancora orientali e alcuni spazi dove puoi avere un contatto con la vera India\u2026 Altrimenti l\u2019India \u00e8 una leggenda, un mito. \u00c8 solo un pallido riflesso dell\u2019Occidente. Se vai adesso, troverai solo un misero riflesso dell\u2019Occidente e naturalmente \u00e8 meglio vedere l\u2019originale che vedere il riflesso; il riflesso \u00e8 privo di significato.<br>Quindi, prima raggiungi una certa visione, un approccio diverso, un modo diverso di guardare la realt\u00e0. E poi ti dir\u00f2 dove andare, perch\u00e9 viaggiare ovunque non ha senso.<br>I turisti continuano ad andare ovunque. Le guide li portano nei luoghi turistici.<br>Lascia che io sia la tua guida e quando sarai pronto ti dir\u00f2 di andare. Prima entra in sintonia, preparati. Impara il linguaggio, il linguaggio del cuore, il linguaggio dell\u2019intuito, piccoli scorci. Poi potrai partire e io ti dir\u00f2 dove andare.<br>S\u00ec, nascosta ancora da qualche parte, la corrente sotterranea esiste, ma non \u00e8 pi\u00f9 cos\u00ec evidente, non \u00e8 pi\u00f9 in superficie. \u00c8 andata sottoterra, doveva andare sottoterra. In superficie sarebbe stata uccisa e distrutta. Non pu\u00f2 sopravvivere in superficie, pu\u00f2 sopravvivere solo nascondendosi.<br>Quindi ti mander\u00f2 nei luoghi dove si nasconde la vera India e allora avr\u00e0 un significato, un\u2019importanza, e aiuter\u00e0 la tua trasformazione\u2026 2<\/p>\n\n\n\n<p>Testi di Osho tratti da:<\/p>\n\n\n\n<ol class=\"wp-block-list\">\n<li><em>Hammer on the Rock #13<\/em><\/li>\n\n\n\n<li><em>The No Book (No Buddha, No Teaching, No Discipline) #10<\/em><\/li>\n<\/ol>\n\n\n\n<p><\/p>\n","protected":false},"excerpt":{"rendered":"<p>VIAGGIO ATTRAVERSO GLI OCCHI DI OSHO 30 GENNAIO ~ 12 FEBBRAIO IL PROGRAMMA GIORNO PER GIORNO Hotel: Ashok Country Resort Hotel: The Retreat Il Forte Rosso di Agra Hotel: The Retreat Una suggestiva immagine del Taj Mahal in una notte di Luna Piena (foto del sito ufficiale) Prima escursione: Tempio delle 64 Yogini al tramonto&#8230;. <\/p>\n","protected":false},"author":1,"featured_media":1322,"parent":0,"menu_order":0,"comment_status":"closed","ping_status":"closed","template":"full-width.php","meta":{"footnotes":""},"class_list":["post-985","page","type-page","status-publish","has-post-thumbnail","hentry"],"_links":{"self":[{"href":"https:\/\/www.margajee.com\/index.php?rest_route=\/wp\/v2\/pages\/985","targetHints":{"allow":["GET"]}}],"collection":[{"href":"https:\/\/www.margajee.com\/index.php?rest_route=\/wp\/v2\/pages"}],"about":[{"href":"https:\/\/www.margajee.com\/index.php?rest_route=\/wp\/v2\/types\/page"}],"author":[{"embeddable":true,"href":"https:\/\/www.margajee.com\/index.php?rest_route=\/wp\/v2\/users\/1"}],"replies":[{"embeddable":true,"href":"https:\/\/www.margajee.com\/index.php?rest_route=%2Fwp%2Fv2%2Fcomments&post=985"}],"version-history":[{"count":22,"href":"https:\/\/www.margajee.com\/index.php?rest_route=\/wp\/v2\/pages\/985\/revisions"}],"predecessor-version":[{"id":1323,"href":"https:\/\/www.margajee.com\/index.php?rest_route=\/wp\/v2\/pages\/985\/revisions\/1323"}],"wp:featuredmedia":[{"embeddable":true,"href":"https:\/\/www.margajee.com\/index.php?rest_route=\/wp\/v2\/media\/1322"}],"wp:attachment":[{"href":"https:\/\/www.margajee.com\/index.php?rest_route=%2Fwp%2Fv2%2Fmedia&parent=985"}],"curies":[{"name":"wp","href":"https:\/\/api.w.org\/{rel}","templated":true}]}}